{"id":5885,"date":"2025-03-03T12:19:57","date_gmt":"2025-03-03T11:19:57","guid":{"rendered":"https:\/\/hosting1916646.online.pro\/autoinstalator\/wordpress11\/index.php\/dotacja-nie-powiodla-sie\/"},"modified":"2025-03-03T12:19:57","modified_gmt":"2025-03-03T11:19:57","slug":"dotacja-nie-powiodla-sie","status":"publish","type":"page","link":"https:\/\/survivalroots.pl\/index.php\/dotacja-nie-powiodla-sie\/","title":{"rendered":"Dotacja nie powiod\u0142a si\u0119"},"content":{"rendered":"<p>Twoja transakcja nie powiod\u0142a si\u0119, prosz\u0119 spr\u00f3bowa\u0107 ponownie lub skontaktowa\u0107 si\u0119 z pomoc\u0105 techniczn\u0105 strony.<\/p>\n","protected":false},"excerpt":{"rendered":"<p>Twoja transakcja nie powiod\u0142a si\u0119, prosz\u0119 spr\u00f3bowa\u0107 ponownie lub skontaktowa\u0107 si\u0119 z pomoc\u0105 techniczn\u0105 strony.<\/p>\n","protected":false},"author":1,"featured_media":0,"parent":0,"menu_order":0,"comment_status":"closed","ping_status":"closed","template":"","meta":{"footnotes":""},"class_list":["post-5885","page","type-page","status-publish","hentry"],"_links":{"self":[{"href":"https:\/\/survivalroots.pl\/index.php\/wp-json\/wp\/v2\/pages\/5885","targetHints":{"allow":["GET"]}}],"collection":[{"href":"https:\/\/survivalroots.pl\/index.php\/wp-json\/wp\/v2\/pages"}],"about":[{"href":"https:\/\/survivalroots.pl\/index.php\/wp-json\/wp\/v2\/types\/page"}],"author":[{"embeddable":true,"href":"https:\/\/survivalroots.pl\/index.php\/wp-json\/wp\/v2\/users\/1"}],"replies":[{"embeddable":true,"href":"https:\/\/survivalroots.pl\/index.php\/wp-json\/wp\/v2\/comments?post=5885"}],"version-history":[{"count":0,"href":"https:\/\/survivalroots.pl\/index.php\/wp-json\/wp\/v2\/pages\/5885\/revisions"}],"wp:attachment":[{"href":"https:\/\/survivalroots.pl\/index.php\/wp-json\/wp\/v2\/media?parent=5885"}],"curies":[{"name":"wp","href":"https:\/\/api.w.org\/{rel}","templated":true}]}}